{"id":10,"date":"2024-02-11T18:00:25","date_gmt":"2024-02-11T18:00:25","guid":{"rendered":"https:\/\/downgbwats.com\/br\/?page_id=10"},"modified":"2024-05-06T00:27:32","modified_gmt":"2024-05-06T00:27:32","slug":"whatsapp-gb","status":"publish","type":"page","link":"https:\/\/downgbwats.com\/br\/","title":{"rendered":"WhatsApp GB Original 2024 Atualizado Baixar \u2013 gb whatsapp para Android 2023"},"content":{"rendered":"<div class=\"flex flex-grow flex-col max-w-full\">\n<div class=\"min-h-[20px] text-message flex flex-col items-start gap-3 whitespace-pre-wrap break-words [.text-message+&amp;]:mt-5 overflow-x-auto\" data-message-author-role=\"assistant\" data-message-id=\"da3d1125-c0fd-4f82-9bf0-f4e37c99fb09\">\n<div class=\"markdown prose w-full break-words dark:prose-invert light\">\n<p>Download do GBWhatsApp 2024: O GBWhatsApp \u00e9 um dos melhores mods do WhatsApp entre todos, incluindo o FM WhatsApp e o Aero WhatsApp. Como todos sabemos, o WhatsApp \u00e9 conhecido mundialmente como um aplicativo de mensagens que utiliza nossos dados de internet e ajuda todos a enviar mensagens, \u00e1udio e chamadas de v\u00eddeo gratuitamente. Mas tamb\u00e9m existem algumas limita\u00e7\u00f5es. O WhatsApp \u00e9 limitado em suas funcionalidades e \u00e9 por isso que temos uma alternativa conhecida como GB WhatsApp. Tamb\u00e9m continuamos atualizando os arquivos de download, ent\u00e3o sinta-se \u00e0 vontade para escolher entre diferentes vers\u00f5es.<\/p>\n<p><a href=\"https:\/\/downgbwats.com\/br\/wp-content\/uploads\/2024\/02\/GBWhatsApp-Icon.svg\"><img loading=\"lazy\" decoding=\"async\" class=\"wp-image-15 aligncenter\" role=\"img\" src=\"https:\/\/downgbwats.com\/br\/wp-content\/uploads\/2024\/02\/GBWhatsApp-Icon.svg\" alt=\"\" width=\"216\" height=\"235\" \/><\/a><\/p>\n<h2>O que \u00e9 o GB WhatsApp?<\/h2>\n<p>N\u00e3o se preocupe se estiver confuso sobre o que \u00e9 o GBWhatsApp. Existem milh\u00f5es de pessoas que n\u00e3o t\u00eam ideia sobre esses incr\u00edveis mods do WhatsApp, mas o mundo vai conhecer e esperamos que sim. Oferecemos o Download do GB WhatsApp gratuitamente. Tamb\u00e9m oferecemos as vers\u00f5es mais recentes. Ent\u00e3o aproveite!<\/p>\n<p>Falando sobre o GBWhatsApp APK, ele possui muitos recursos que n\u00e3o est\u00e3o dispon\u00edveis na vers\u00e3o oficial. No momento, est\u00e3o sendo desenvolvidas vers\u00f5es modificadas incr\u00edveis que oferecem mais recursos que nunca poderiam chegar ao aplicativo original. O GB WhatsApp APK \u00e9 um deles e aqui, todos voc\u00eas podem baixar a vers\u00e3o mais recente do GBWhatsApp. Se voc\u00ea n\u00e3o quer este mod, ent\u00e3o confira abaixo para baixar algumas outras alternativas legais para o GB WhatsApp. Se voc\u00ea tamb\u00e9m est\u00e1 procurando o Download do GB WhatsApp, siga o artigo.<\/p>\n<p style=\"text-align: center;\"><a class=\"shortc-button large blue\" href=\"https:\/\/downgbwats.com\/GBWhatsApp.apk\">WhatsApp GB Atualizado Baixar<\/a><\/p>\n<div class=\"flex flex-grow flex-col max-w-full\">\n<div class=\"min-h-[20px] text-message flex flex-col items-start gap-3 whitespace-pre-wrap break-words [.text-message+&amp;]:mt-5 overflow-x-auto\" data-message-author-role=\"assistant\" data-message-id=\"a14e9c85-6ccf-4fc7-a401-763a4a8dd104\">\n<div class=\"markdown prose w-full break-words dark:prose-invert light\">\n<h2>O que Voc\u00ea Deve Saber Sobre o GB WhatsApp?<\/h2>\n<p>Bem, o GB WhatsApp \u00e9 incr\u00edvel e voc\u00ea deveria saber por que ele est\u00e1 t\u00e3o popular nos dias de hoje. Porque ele oferece tantos \u00f3timos recursos, como a capacidade de compartilhamento de arquivos multim\u00eddia \u00e9 o dobro da vers\u00e3o oficial. No GB WhatsApp, podemos compartilhar facilmente arquivos de grande tamanho. Ele possui toneladas de recursos ocultos. Continue lendo este artigo e voc\u00ea ser\u00e1 capaz de saber tudo e tamb\u00e9m fazer o Download do GB WhatsApp. Al\u00e9m disso, neste artigo, voc\u00ea pode obter informa\u00e7\u00f5es sobre todos os recursos, vantagens, desvantagens, algumas perguntas frequentes sobre sua seguran\u00e7a e uso justo, e por \u00faltimo, o Veredicto Final, onde compartilhamos nossos pensamentos e interagimos com nossos ador\u00e1veis visitantes. Portanto, fique conosco at\u00e9 o final, para que voc\u00ea possa decidir baixar este aplicativo sem nenhum arrependimento posterior.<\/p>\n<p>Nota: Este site fornece um bot\u00e3o de download de um toque para o GB WhatsApp APK. No GbMod.Net, fazemos o poss\u00edvel para fornecer tamb\u00e9m Mods do WhatsApp funcionais.<\/p>\n<div class=\"flex flex-grow flex-col max-w-full\">\n<div class=\"min-h-[20px] text-message flex flex-col items-start gap-3 whitespace-pre-wrap break-words [.text-message+&amp;]:mt-5 overflow-x-auto\" data-message-author-role=\"assistant\" data-message-id=\"225fb12f-56b0-40db-b39b-9eb5376536c5\">\n<div class=\"markdown prose w-full break-words dark:prose-invert light\">\n<h3>Principais Recursos do GBWhatsApp APK<\/h3>\n<p>Aqui est\u00e1 a melhor parte, onde todos podem conhecer os recursos do Download da \u00daltima Vers\u00e3o do GB WhatsApp. A \u00daltima Vers\u00e3o possui muitos recursos que incluem o compartilhamento de arquivos multim\u00eddia (podemos compartilhar arquivos maiores e mais pesados com o GB WhatsApp em compara\u00e7\u00e3o com a vers\u00e3o oficial). Existem recursos ocultos, temas personalizados, suporte para v\u00e1rias contas e muitos outros recursos legais.<\/p>\n<p>A maioria dos recursos dispon\u00edveis no GB WhatsApp APK n\u00e3o est\u00e1 no aplicativo oficial, \u00e9 por isso que todos n\u00f3s amamos o GBWhatsApp. Voc\u00ea pode ler o artigo para saber sobre todos os recursos e as \u00faltimas not\u00edcias sobre este mod especial.<\/p>\n<p><strong>\u00d3timo Suporte Multim\u00eddia<\/strong><\/p>\n<p>No Download da \u00daltima Vers\u00e3o do GB WhatsApp, aconteceram muitas melhorias. Agora, as pessoas podem compartilhar arquivos maiores com seus amigos. Confira abaixo:<\/p>\n<ul>\n<li>Envie arquivos grandes de v\u00eddeos, \u00e1udios e imagens<\/li>\n<li>Envie at\u00e9 50 MB de arquivos de v\u00eddeo<\/li>\n<li>Arquivos de \u00e1udio podem ser compartilhados at\u00e9 100 MB<\/li>\n<li>Qualidade original das imagens ao enviar<\/li>\n<li>Alterar o player de v\u00eddeo no GBWhatsApp<\/li>\n<li>Envie mais de 10 imagens<\/li>\n<li>O comprimento do v\u00eddeo compartilhado \u00e9 limitado a 7 minutos em vez de 30 segundos<\/li>\n<\/ul>\n<p><strong>Recursos de Oculta\u00e7\u00e3o \/ Privacidade<\/strong><\/p>\n<p>Existem alguns recursos de privacidade que est\u00e3o dispon\u00edveis apenas no GB WhatsApp. Confira-os, eles s\u00e3o muito interessantes e \u00fateis nos dias de hoje.<\/p>\n<ul>\n<li>Ocultar marca de visto duplo e status online<\/li>\n<li>Ocultar status de leitura de mensagem e status de escrita<\/li>\n<li>Capacidade de ocultar o status de grava\u00e7\u00e3o<\/li>\n<\/ul>\n<p>Novos Temas, Suporte para M\u00faltiplas Contas e Idiomas Suportados<\/p>\n<p>As pessoas ficam entediadas ao usar o mesmo tema antigo, mas n\u00e3o se preocupe, no GBWhatsApp, use novos temas, tamb\u00e9m, verifique se seu idioma nativo est\u00e1 dispon\u00edvel ou n\u00e3o.<\/p>\n<ul>\n<li>Novos temas de Download do GB WhatsApp<\/li>\n<li>Criar e usar temas que podem ser usados por outros usu\u00e1rios do GBWA<\/li>\n<li>Baixe temas incr\u00edveis gratuitos criados por alguns usu\u00e1rios do GBWhatsApp<\/li>\n<li>Contas duplas\/m\u00faltiplas do WhatsApp<\/li>\n<li>O GB WA suporta v\u00e1rios novos idiomas<\/li>\n<\/ul>\n<p><strong>Emoji, Gifs, Adesivos e Lan\u00e7ador<\/strong><\/p>\n<p>O GB WhatsApp APK \u00e9 um \u00f3timo aplicativo com incr\u00edveis recursos de personaliza\u00e7\u00e3o. Ele suporta e fornece novos \u00edcones, emojis, pacotes de adesivos integrados, etc.<\/p>\n<ul>\n<li>Novos \u00edcones de lan\u00e7ador<\/li>\n<li>Trocador de emojis dispon\u00edvel<\/li>\n<li>Personalize a barra de notifica\u00e7\u00f5es<\/li>\n<li>Capaz de adicionar adesivos da loja de aplicativos<\/li>\n<li>Tantos Gifs dispon\u00edveis, Novos est\u00e3o a caminho<\/li>\n<\/ul>\n<div class=\"flex flex-grow flex-col max-w-full\">\n<div class=\"min-h-[20px] text-message flex flex-col items-start gap-3 whitespace-pre-wrap break-words [.text-message+&amp;]:mt-5 overflow-x-auto\" data-message-author-role=\"assistant\" data-message-id=\"f70bb4db-d656-47a2-ba03-c4cade8ee8d7\">\n<div class=\"markdown prose w-full break-words dark:prose-invert light\">\n<p><strong>Resposta Autom\u00e1tica, Copiar Status, Sempre Online<\/strong><\/p>\n<p>Os melhores recursos do GBWhatsApp, de acordo com o Gbmod.Net, s\u00e3o que podemos usar o recurso de resposta autom\u00e1tica.<\/p>\n<ul>\n<li>Copie o status de qualquer pessoa apenas tocando em seu status.<\/li>\n<li>Recurso &#8220;sempre online&#8221;.<\/li>\n<li>Resposta autom\u00e1tica de mensagens, assim como no WhatsApp Business.<\/li>\n<\/ul>\n<p><strong>Outros Recursos Legais do GB WhatsApp APK<\/strong><\/p>\n<ul>\n<li>Habilitar senha.<\/li>\n<li>Recurso de backup.<\/li>\n<li>Agendamento de mensagens.<\/li>\n<li>Altere o hor\u00e1rio do seu \u00faltimo acesso.<\/li>\n<li>Novos estilos de tique incr\u00edveis.<\/li>\n<li>Conect\u00e1vel com o WhatsApp Web, mas os recursos n\u00e3o funcionar\u00e3o.<\/li>\n<\/ul>\n<h3>O que h\u00e1 de Novo na \u00daltima Vers\u00e3o?<\/h3>\n<p>Na \u00faltima vers\u00e3o, que foi lan\u00e7ada recentemente neste m\u00eas, h\u00e1 algumas corre\u00e7\u00f5es e melhorias no aplicativo. Como vimos, alguns erros e falhas est\u00e3o sendo enfrentados pelos usu\u00e1rios, como alguns erros ao adicionar pacotes de adesivos ou ao ligar para pessoas em grupo. Bem, confira as melhorias aqui.<\/p>\n<ul>\n<li>Erros e problemas corrigidos, ainda contando.<\/li>\n<li>Adicionados mais emojis novos.<\/li>\n<li>Agora voc\u00ea pode ligar para participantes nos grupos.<\/li>\n<li>Erro corrigido ao adicionar adesivos da Google Play Store.<\/li>\n<li>Crash corrigido ao buscar temas.<\/li>\n<li>Aplicativo mais est\u00e1vel a partir de agora.<\/li>\n<li>N\u00e3o precisa se preocupar com o banimento. O GBWhatsApp \u00e9 Anti-ban.<\/li>\n<\/ul>\n<div class=\"flex flex-grow flex-col max-w-full\">\n<div class=\"min-h-[20px] text-message flex flex-col items-start gap-3 whitespace-pre-wrap break-words [.text-message+&amp;]:mt-5 overflow-x-auto\" data-message-author-role=\"assistant\" data-message-id=\"5cfea10d-d6e1-4607-afc2-805e92307c43\">\n<div class=\"markdown prose w-full break-words dark:prose-invert light\">\n<p>Todos os Recursos Explicados e Detalhados<\/p>\n<p>No GBWhatsApp APK Download<\/p>\n<p>Nesta se\u00e7\u00e3o do artigo, os recursos s\u00e3o explicados para que, se voc\u00ea n\u00e3o entender muito sobre eles, possa ler todas as informa\u00e7\u00f5es abaixo. Espero que isso ajude voc\u00ea a entender o aplicativo.<\/p>\n<p><strong>Melhoria no Compartilhamento de Multim\u00eddia<\/strong><\/p>\n<p>Quando falamos sobre o recurso de multim\u00eddia do aplicativo oficial, enfrentamos muitos problemas, como n\u00e3o conseguirmos enviar v\u00eddeos e \u00e1udios de tamanho maior. Nem podemos abrir os v\u00eddeos recebidos em nossos players de v\u00eddeo externos, nem podemos compartilhar um v\u00eddeo longo e mais imagens de uma s\u00f3 vez. Mas no GB WhatsApp, podemos enviar mais de 10 imagens de uma vez e na qualidade original.<\/p>\n<p>No GB WhatsApp, as pessoas podem compartilhar o v\u00eddeo de status de 7 minutos em vez de apenas 30 segundos. E para um arquivo de \u00e1udio, podemos compartilhar at\u00e9 um arquivo de 100 MB ao mesmo tempo e at\u00e9 50 MB para um arquivo de v\u00eddeo. Todos esses recursos est\u00e3o dispon\u00edveis apenas no GBWhatsApp. Esses recursos s\u00e3o muito \u00fateis no dia a dia.<\/p>\n<p><strong>Ocultar Sua Presen\u00e7a Online<\/strong><\/p>\n<p>Este recurso de oculta\u00e7\u00e3o n\u00e3o est\u00e1 dispon\u00edvel na vers\u00e3o oficial. Hoje em dia, precisamos de mais privacidade em compara\u00e7\u00e3o com o passado. Mas o WA oficial n\u00e3o consegue nos fornecer op\u00e7\u00f5es de privacidade como o GBWhatsApp. Aqui, podemos fazer tantas coisas em termos de oculta\u00e7\u00e3o (Recursos de Privacidade). Podemos ocultar o duplo tique e ocultar nosso status online para que possamos permanecer privados. Podemos fazer muito mais coisas como ocultar nosso status de escrita, ocultar nosso status de grava\u00e7\u00e3o, ocultar o status de mensagem lida, etc. O aplicativo oficial n\u00e3o pode oferecer todos esses \u00f3timos recursos, \u00e9 por isso que o GB WhatsApp \u00e9 uma \u00f3tima alternativa.<\/p>\n<p><strong>Novos Temas, M\u00faltiplas Contas e Idiomas<\/strong><\/p>\n<p>Na vers\u00e3o oficial, n\u00e3o temos muitas op\u00e7\u00f5es de novos temas, existem apenas temas limitados. Quando falamos sobre m\u00faltiplas contas, o WhatsApp s\u00f3 suporta uma conta. Precisamos usar um aplicativo de m\u00faltiplas contas para usar v\u00e1rias contas. E ele suporta apenas 60 idiomas no Android.<\/p>\n<p>Falando sobre o Download do GB WhatsApp, existem muitas op\u00e7\u00f5es de temas. Podemos usar temas personalizados, podemos criar e usar temas criados por outros usu\u00e1rios tamb\u00e9m. Ele suporta m\u00faltiplas contas sem a necessidade de outros aplicativos como aplicativos clones. Voc\u00ea pode fazer 3-4 contas no GBWA. Al\u00e9m disso, ele suporta mais idiomas do que a vers\u00e3o oficial.<\/p>\n<p><strong>Emoji, GIFs, Adesivos e \u00cdcones do Lan\u00e7ador<\/strong><\/p>\n<p>O GBWhatsApp suporta a op\u00e7\u00e3o de troca de emojis para que possamos personalizar nossos emojis. Ele possui novos \u00edcones de lan\u00e7ador para que n\u00e3o fiquemos entediados usando os mesmos \u00edcones de lan\u00e7ador por meses. Podemos mudar e personalizar o \u00edcone da barra de notifica\u00e7\u00f5es no GBWhatsApp. Agora, ele suporta adesivos da loja de aplicativos tamb\u00e9m. Podemos baixar qualquer grupo de adesivos para us\u00e1-los. Al\u00e9m disso, podemos encontrar v\u00e1rios provedores de GIFs e podemos aproveitar o uso ilimitado de GIFs em nossas conversas. Ele tamb\u00e9m possui muitos recursos personalizados que n\u00e3o est\u00e3o dispon\u00edveis no aplicativo original. Voc\u00ea s\u00f3 pode encontr\u00e1-los no Download da \u00daltima Vers\u00e3o do GB WhatsApp.<\/p>\n<p><strong>Recurso de Resposta Autom\u00e1tica<\/strong><\/p>\n<p>Voc\u00ea conhece o recurso de &#8220;resposta autom\u00e1tica&#8221; do WhatsApp Business? Com esse recurso, voc\u00ea pode responder aos seus contatos do WA sempre que n\u00e3o estiver dispon\u00edvel. Voc\u00ea pode selecionar uma mensagem para resposta autom\u00e1tica. Este recurso tamb\u00e9m est\u00e1 dispon\u00edvel aqui. Al\u00e9m disso, voc\u00ea pode copiar o status de outras pessoas apenas tocando em seu status. Para isso, voc\u00ea n\u00e3o precisa tirar uma captura de tela do status. \u00c9 um recurso legal do GBWhatsApp.<\/p>\n<p>Existe um recurso de sempre online no GB WhatsApp APK. Com isso, voc\u00ea pode mostrar-se online 24 horas por dia, 7 dias por semana. Tamb\u00e9m existem muitos outros recursos, como habilitar senhas, backup, agendamento de mensagens, alterar seu \u00faltimo acesso, estilos de tique incr\u00edveis, conect\u00e1vel com o WhatsApp Web, etc.<\/p>\n<p>A atualiza\u00e7\u00e3o do GB WhatsApp suporta a vers\u00e3o web, mas todos os recursos extras n\u00e3o funcionar\u00e3o l\u00e1. Voc\u00ea tamb\u00e9m pode fazer backup de suas conversas. Para que voc\u00ea possa restaur\u00e1-las sempre que quiser. Voc\u00ea pode usar o agendamento de mensagens no GB WhatsApp para conversas. Voc\u00ea pode alterar seu \u00faltimo acesso por quest\u00f5es de seguran\u00e7a e outras quest\u00f5es pessoais.<\/p>\n<div class=\"flex flex-grow flex-col max-w-full\">\n<div class=\"min-h-[20px] text-message flex flex-col items-start gap-3 whitespace-pre-wrap break-words [.text-message+&amp;]:mt-5 overflow-x-auto\" data-message-author-role=\"assistant\" data-message-id=\"821c47dd-274e-4cc8-a44f-6aaa88116454\">\n<div class=\"markdown prose w-full break-words dark:prose-invert light\">\n<p><strong>Vantagens de Usar o GBWhatsApp<\/strong><\/p>\n<p>Depois de ler todos os recursos do GBWhatsApp, voc\u00ea deve ter conhecido as vantagens. Ele tem tantos recursos que nunca estar\u00e3o dispon\u00edveis no aplicativo oficial. Voc\u00ea pode compartilhar arquivos de \u00e1udio e v\u00eddeo maiores, pode ocultar seu status online e muitos outros recursos que voc\u00ea pode ter lido neste artigo. Mas todo aplicativo que tem vantagens tamb\u00e9m tem algumas desvantagens. Leia o artigo para saber mais.<\/p>\n<p><strong>Algumas Desvantagens do GBWhatsApp Vers\u00e3o Antiga<\/strong><\/p>\n<p>Como voc\u00ea sabe, o GB WhatsApp tem toneladas de recursos que s\u00e3o incr\u00edveis. Mas n\u00e3o \u00e9 recomendado pela equipe de desenvolvedores oficial. Usar este aplicativo por um longo per\u00edodo pode levar a um banimento permanente da sua conta do WhatsApp. Portanto, \u00e9 melhor usar um n\u00famero tempor\u00e1rio para evitar o banimento. Use o GBWhatsApp APK para uso tempor\u00e1rio e nunca use seu n\u00famero principal. Tudo de melhor.<\/p>\n<div class=\"flex flex-grow flex-col max-w-full\">\n<div class=\"min-h-[20px] text-message flex flex-col items-start gap-3 whitespace-pre-wrap break-words [.text-message+&amp;]:mt-5 overflow-x-auto\" data-message-author-role=\"assistant\" data-message-id=\"873df4c7-61be-4789-a192-a46b6deda437\">\n<div class=\"markdown prose w-full break-words dark:prose-invert light\">\n<p>Perguntas Frequentes sobre o GB WhatsApp:<\/p>\n<p style=\"text-align: center;\"><a href=\"https:\/\/downgbwats.com\/br\/wp-content\/uploads\/2024\/02\/QNA.svg\"><img loading=\"lazy\" decoding=\"async\" class=\"alignnone size-medium wp-image-14\" role=\"img\" src=\"https:\/\/downgbwats.com\/br\/wp-content\/uploads\/2024\/02\/QNA.svg\" alt=\"\" width=\"300\" height=\"300\" \/><\/a><\/p>\n<p>Esta se\u00e7\u00e3o fornecer\u00e1 as respostas a algumas perguntas frequentes sobre o GBWhatsApp. S\u00e3o perguntas que surgem em nossas mentes ao usar este aplicativo. Portanto, estou aqui para acabar com todas as apreens\u00f5es e espero que isso ajude voc\u00ea.<\/p>\n<p>Pergunta 1. Por que voc\u00ea deveria Baixar a \u00daltima Vers\u00e3o do GB WhatsApp?<\/p>\n<p>Ningu\u00e9m est\u00e1 obrigando voc\u00ea a baixar este aplicativo. \u00c9 tudo uma escolha sua, pois voc\u00ea conhece suas desvantagens e vantagens. A \u00daltima Vers\u00e3o do GB WhatsApp oferece tantos recursos que s\u00e3o especiais e \u00fanicos. Mas, como eu disse, esta \u00e9 uma vers\u00e3o modificada e n\u00e3o oficialmente recomendada. Voc\u00ea pode usar o GB WhatsApp em seu dispositivo com um n\u00famero tempor\u00e1rio, pois isso pode levar \u00e0 proibi\u00e7\u00e3o permanente de sua conta pelas autoridades. Mas o uso tempor\u00e1rio do GBWhatsApp \u00e9 justo.<\/p>\n<p>Pergunta 2. Posso fazer chamadas de \u00e1udio e v\u00eddeo no GB WhatsApp?<\/p>\n<p>Sim, como sabemos, o recurso de chamada \u00e9 muito importante. No GBWhatsApp, h\u00e1 recursos de chamadas de \u00e1udio e v\u00eddeo. Tudo o que voc\u00ea precisa \u00e9 de uma conex\u00e3o de internet est\u00e1vel para desfrutar deste recurso. Ligue para qualquer amigo que esteja no WhatsApp sem pagar nenhum valor, exceto pela conex\u00e3o Wi-Fi ou de dados. Algumas das vers\u00f5es antigas do GBWhatsApp APK n\u00e3o t\u00eam esse recurso, mas usar o GBWhatsApp mais recente \u00e9 uma \u00f3tima op\u00e7\u00e3o.<\/p>\n<p>Pergunta 3. Como usar a \u00daltima Vers\u00e3o do GB WhatsApp?<\/p>\n<p>Sem atualiza\u00e7\u00f5es, qualquer aplicativo ser\u00e1 limitado, mas ter novas atualiza\u00e7\u00f5es e introduzir novos recursos torna um aplicativo execut\u00e1vel por um longo tempo. \u00c9 por isso que o GB WhatsApp \u00e9 atualizado de tempos em tempos. Voc\u00ea pode atualiz\u00e1-lo simplesmente substituindo o aplicativo antigo pelo novo, basta visitar o site oficial para baixar o arquivo mais recente.<\/p>\n<p>Pergunta 4. O GB WhatsApp \u00e9 seguro?<\/p>\n<p>Quando falamos sobre a seguran\u00e7a do dispositivo, ent\u00e3o o GBWhatsApp \u00e9 seguro porque n\u00e3o requer um dispositivo enraizado. Mas usar o GBWhatsApp leva \u00e0 proibi\u00e7\u00e3o de sua conta. Portanto, aconselho voc\u00ea a usar um n\u00famero tempor\u00e1rio. Nunca use seu n\u00famero de telefone importante para fazer uma conta, pois isso levar\u00e1 \u00e0 proibi\u00e7\u00e3o permanente de sua conta do WhatsApp.<\/p>\n<p>Pergunta 5. Posso usar v\u00e1rias contas no GB Whatsapp?<\/p>\n<p>Sim, voc\u00ea pode usar multi-contas. Voc\u00ea pode usar 2, 3 ou at\u00e9 4 contas. At\u00e9 mesmo voc\u00ea pode usar o Aplicativo Oficial e o GBWhatsApp no mesmo dispositivo. Mas voc\u00ea precisa de um n\u00famero diferente para ambos os aplicativos. Porque se voc\u00ea entrar com sua conta oficial do WhatsApp no GBWhatsApp, sua conta oficial do WhatsApp expira automaticamente. Portanto, voc\u00ea precisa de um n\u00famero secund\u00e1rio para criar uma conta se estiver usando o WhatsApp oficial em seu dispositivo.<\/p>\n<\/div>\n<\/div>\n<\/div>\n<\/div>\n<\/div>\n<\/div>\n<\/div>\n<\/div>\n<\/div>\n<\/div>\n<\/div>\n<\/div>\n<\/div>\n<\/div>\n<\/div>\n<\/div>\n<\/div>\n<\/div>\n<\/div>\n<\/div>\n<\/div>\n","protected":false},"excerpt":{"rendered":"<p>Download do GBWhatsApp 2024: O GBWhatsApp \u00e9 um dos melhores mods do WhatsApp entre todos, incluindo o FM WhatsApp e o Aero WhatsApp. Como todos sabemos, o WhatsApp \u00e9 conhecido mundialmente como um aplicativo de mensagens que utiliza nossos dados de internet e ajuda todos a enviar mensagens, \u00e1udio e chamadas de v\u00eddeo gratuitamente. Mas [&hellip;]<\/p>\n","protected":false},"author":1,"featured_media":0,"parent":0,"menu_order":0,"comment_status":"closed","ping_status":"closed","template":"","meta":{"footnotes":""},"class_list":["post-10","page","type-page","status-publish","hentry"],"yoast_head":"<!-- This site is optimized with the Yoast SEO plugin v22.6 - https:\/\/yoast.com\/wordpress\/plugins\/seo\/ -->\n<title>WhatsApp GB Original 2024 Atualizado Baixar \u2013 gb whatsapp para Android 2023 - WhatsApp GB<\/title>\n<meta name=\"robots\" content=\"index, follow, max-snippet:-1, max-image-preview:large, max-video-preview:-1\" \/>\n<link rel=\"canonical\" href=\"https:\/\/downgbwats.com\/br\/\" \/>\n<meta property=\"og:locale\" content=\"en_US\" \/>\n<meta property=\"og:type\" content=\"article\" \/>\n<meta property=\"og:title\" content=\"WhatsApp GB Original 2024 Atualizado Baixar \u2013 gb whatsapp para Android 2023 - WhatsApp GB\" \/>\n<meta property=\"og:description\" content=\"Download do GBWhatsApp 2024: O GBWhatsApp \u00e9 um dos melhores mods do WhatsApp entre todos, incluindo o FM WhatsApp e o Aero WhatsApp. Como todos sabemos, o WhatsApp \u00e9 conhecido mundialmente como um aplicativo de mensagens que utiliza nossos dados de internet e ajuda todos a enviar mensagens, \u00e1udio e chamadas de v\u00eddeo gratuitamente. Mas [&hellip;]\" \/>\n<meta property=\"og:url\" content=\"https:\/\/downgbwats.com\/br\/\" \/>\n<meta property=\"og:site_name\" content=\"WhatsApp GB\" \/>\n<meta property=\"article:modified_time\" content=\"2024-05-06T00:27:32+00:00\" \/>\n<meta property=\"og:image\" content=\"https:\/\/downgbwats.com\/br\/wp-content\/uploads\/2024\/02\/GBWhatsApp-Icon.svg\" \/>\n<meta name=\"twitter:card\" content=\"summary_large_image\" \/>\n<meta name=\"twitter:label1\" content=\"Est. reading time\" \/>\n\t<meta name=\"twitter:data1\" content=\"12 minutes\" \/>\n<!-- \/ Yoast SEO plugin. -->","yoast_head_json":{"title":"WhatsApp GB Original 2024 Atualizado Baixar \u2013 gb whatsapp para Android 2023 - WhatsApp GB","robots":{"index":"index","follow":"follow","max-snippet":"max-snippet:-1","max-image-preview":"max-image-preview:large","max-video-preview":"max-video-preview:-1"},"canonical":"https:\/\/downgbwats.com\/br\/","og_locale":"en_US","og_type":"article","og_title":"WhatsApp GB Original 2024 Atualizado Baixar \u2013 gb whatsapp para Android 2023 - WhatsApp GB","og_description":"Download do GBWhatsApp 2024: O GBWhatsApp \u00e9 um dos melhores mods do WhatsApp entre todos, incluindo o FM WhatsApp e o Aero WhatsApp. Como todos sabemos, o WhatsApp \u00e9 conhecido mundialmente como um aplicativo de mensagens que utiliza nossos dados de internet e ajuda todos a enviar mensagens, \u00e1udio e chamadas de v\u00eddeo gratuitamente. Mas [&hellip;]","og_url":"https:\/\/downgbwats.com\/br\/","og_site_name":"WhatsApp GB","article_modified_time":"2024-05-06T00:27:32+00:00","og_image":[{"url":"https:\/\/downgbwats.com\/br\/wp-content\/uploads\/2024\/02\/GBWhatsApp-Icon.svg"}],"twitter_card":"summary_large_image","twitter_misc":{"Est. reading time":"12 minutes"},"schema":{"@context":"https:\/\/schema.org","@graph":[{"@type":"WebPage","@id":"https:\/\/downgbwats.com\/br\/","url":"https:\/\/downgbwats.com\/br\/","name":"WhatsApp GB Original 2024 Atualizado Baixar \u2013 gb whatsapp para Android 2023 - WhatsApp GB","isPartOf":{"@id":"https:\/\/downgbwats.com\/br\/#website"},"primaryImageOfPage":{"@id":"https:\/\/downgbwats.com\/br\/#primaryimage"},"image":{"@id":"https:\/\/downgbwats.com\/br\/#primaryimage"},"thumbnailUrl":"https:\/\/downgbwats.com\/br\/wp-content\/uploads\/2024\/02\/GBWhatsApp-Icon.svg","datePublished":"2024-02-11T18:00:25+00:00","dateModified":"2024-05-06T00:27:32+00:00","breadcrumb":{"@id":"https:\/\/downgbwats.com\/br\/#breadcrumb"},"inLanguage":"en-US","potentialAction":[{"@type":"ReadAction","target":["https:\/\/downgbwats.com\/br\/"]}]},{"@type":"ImageObject","inLanguage":"en-US","@id":"https:\/\/downgbwats.com\/br\/#primaryimage","url":"https:\/\/downgbwats.com\/br\/wp-content\/uploads\/2024\/02\/GBWhatsApp-Icon.svg","contentUrl":"https:\/\/downgbwats.com\/br\/wp-content\/uploads\/2024\/02\/GBWhatsApp-Icon.svg"},{"@type":"BreadcrumbList","@id":"https:\/\/downgbwats.com\/br\/#breadcrumb","itemListElement":[{"@type":"ListItem","position":1,"name":"Home","item":"https:\/\/downgbwats.com\/br\/"},{"@type":"ListItem","position":2,"name":"WhatsApp GB Original 2024 Atualizado Baixar \u2013 gb whatsapp para Android 2023"}]},{"@type":"WebSite","@id":"https:\/\/downgbwats.com\/br\/#website","url":"https:\/\/downgbwats.com\/br\/","name":"WhatsApp GB","description":"","potentialAction":[{"@type":"SearchAction","target":{"@type":"EntryPoint","urlTemplate":"https:\/\/downgbwats.com\/br\/?s={search_term_string}"},"query-input":"required name=search_term_string"}],"inLanguage":"en-US"}]}},"_links":{"self":[{"href":"https:\/\/downgbwats.com\/br\/wp-json\/wp\/v2\/pages\/10","targetHints":{"allow":["GET"]}}],"collection":[{"href":"https:\/\/downgbwats.com\/br\/wp-json\/wp\/v2\/pages"}],"about":[{"href":"https:\/\/downgbwats.com\/br\/wp-json\/wp\/v2\/types\/page"}],"author":[{"embeddable":true,"href":"https:\/\/downgbwats.com\/br\/wp-json\/wp\/v2\/users\/1"}],"replies":[{"embeddable":true,"href":"https:\/\/downgbwats.com\/br\/wp-json\/wp\/v2\/comments?post=10"}],"version-history":[{"count":7,"href":"https:\/\/downgbwats.com\/br\/wp-json\/wp\/v2\/pages\/10\/revisions"}],"predecessor-version":[{"id":29,"href":"https:\/\/downgbwats.com\/br\/wp-json\/wp\/v2\/pages\/10\/revisions\/29"}],"wp:attachment":[{"href":"https:\/\/downgbwats.com\/br\/wp-json\/wp\/v2\/media?parent=10"}],"curies":[{"name":"wp","href":"https:\/\/api.w.org\/{rel}","templated":true}]}}